{"id":209,"date":"2024-10-25T22:30:07","date_gmt":"2024-10-25T22:30:07","guid":{"rendered":"https:\/\/elinstituto.io\/cdp24\/?page_id=209"},"modified":"2024-10-28T17:16:45","modified_gmt":"2024-10-28T17:16:45","slug":"forma-de-inscripcion","status":"publish","type":"page","link":"https:\/\/elinstituto.io\/cdp24\/forma-de-inscripcion\/","title":{"rendered":"Forma de inscripci\u00f3n"},"content":{"rendered":"\t\t<div data-elementor-type=\"wp-page\" data-elementor-id=\"209\" class=\"elementor elementor-209\">\n\t\t\t\t<div class=\"elementor-element elementor-element-48d170cc e-flex e-con-boxed wpr-particle-no wpr-jarallax-no wpr-parallax-no wpr-sticky-section-no e-con e-parent\" data-id=\"48d170cc\" data-element_type=\"container\" data-settings=\"{&quot;background_background&quot;:&quot;classic&quot;}\">\n\t\t\t\t\t<div class=\"e-con-inner\">\n\t\t<div class=\"elementor-element elementor-element-344edee6 e-con-full e-flex wpr-particle-no wpr-jarallax-no wpr-parallax-no wpr-sticky-section-no e-con e-child\" data-id=\"344edee6\" data-element_type=\"container\">\n\t\t\t\t<div class=\"elementor-element elementor-element-69e5ba6b elementor-widget elementor-widget-image\" data-id=\"69e5ba6b\" data-element_type=\"widget\" data-widget_type=\"image.default\">\n\t\t\t\t<div class=\"elementor-widget-container\">\n\t\t\t\t\t\t\t\t\t\t\t\t\t\t\t<img fetchpriority=\"high\" decoding=\"async\" width=\"1024\" height=\"501\" src=\"https:\/\/elinstituto.io\/cdp24\/wp-content\/uploads\/2024\/10\/DP-II-Congreso-Penal-05-1024x501.png\" class=\"attachment-large size-large wp-image-52\" alt=\"\" srcset=\"https:\/\/elinstituto.io\/cdp24\/wp-content\/uploads\/2024\/10\/DP-II-Congreso-Penal-05-1024x501.png 1024w, https:\/\/elinstituto.io\/cdp24\/wp-content\/uploads\/2024\/10\/DP-II-Congreso-Penal-05-600x294.png 600w, https:\/\/elinstituto.io\/cdp24\/wp-content\/uploads\/2024\/10\/DP-II-Congreso-Penal-05-300x147.png 300w, https:\/\/elinstituto.io\/cdp24\/wp-content\/uploads\/2024\/10\/DP-II-Congreso-Penal-05-768x376.png 768w, https:\/\/elinstituto.io\/cdp24\/wp-content\/uploads\/2024\/10\/DP-II-Congreso-Penal-05-1536x752.png 1536w, https:\/\/elinstituto.io\/cdp24\/wp-content\/uploads\/2024\/10\/DP-II-Congreso-Penal-05-2048x1002.png 2048w\" sizes=\"(max-width: 1024px) 100vw, 1024px\" \/>\t\t\t\t\t\t\t\t\t\t\t\t\t\t\t<\/div>\n\t\t\t\t<\/div>\n\t\t\t\t<div class=\"elementor-element elementor-element-2e889cb5 elementor-widget elementor-widget-heading\" data-id=\"2e889cb5\" data-element_type=\"widget\" data-widget_type=\"heading.default\">\n\t\t\t\t<div class=\"elementor-widget-container\">\n\t\t\t\t\t<h2 class=\"elementor-heading-title elementor-size-default\">Elige tu forma de inscripci\u00f3n<\/h2>\t\t\t\t<\/div>\n\t\t\t\t<\/div>\n\t\t<div class=\"elementor-element elementor-element-78c6796c e-con-full e-flex wpr-particle-no wpr-jarallax-no wpr-parallax-no wpr-sticky-section-no e-con e-child\" data-id=\"78c6796c\" data-element_type=\"container\">\n\t\t<div class=\"elementor-element elementor-element-1d3d00b0 e-con-full e-flex wpr-particle-no wpr-jarallax-no wpr-parallax-no wpr-sticky-section-no e-con e-child\" data-id=\"1d3d00b0\" data-element_type=\"container\">\n\t\t\t\t<div class=\"elementor-element elementor-element-4ab8ca7 elementor-widget__width-initial elementor-widget elementor-widget-heading\" data-id=\"4ab8ca7\" data-element_type=\"widget\" data-widget_type=\"heading.default\">\n\t\t\t\t<div class=\"elementor-widget-container\">\n\t\t\t\t\t<h2 class=\"elementor-heading-title elementor-size-default\">5% de descuento adicional<\/h2>\t\t\t\t<\/div>\n\t\t\t\t<\/div>\n\t\t\t\t<div class=\"elementor-element elementor-element-79a245f6 elementor-widget elementor-widget-button\" data-id=\"79a245f6\" data-element_type=\"widget\" data-widget_type=\"button.default\">\n\t\t\t\t<div class=\"elementor-widget-container\">\n\t\t\t\t\t\t\t\t\t<div class=\"elementor-button-wrapper\">\n\t\t\t\t\t<a class=\"elementor-button elementor-button-link elementor-size-sm\" href=\"https:\/\/elinstituto.io\/cdp24\/store\/\" target=\"_blank\">\n\t\t\t\t\t\t<span class=\"elementor-button-content-wrapper\">\n\t\t\t\t\t\t\t\t\t<span class=\"elementor-button-text\">Inscripci\u00f3n r\u00e1pida<\/span>\n\t\t\t\t\t<\/span>\n\t\t\t\t\t<\/a>\n\t\t\t\t<\/div>\n\t\t\t\t\t\t\t\t<\/div>\n\t\t\t\t<\/div>\n\t\t\t\t<div class=\"elementor-element elementor-element-7c785d3f elementor-widget__width-initial elementor-widget elementor-widget-heading\" data-id=\"7c785d3f\" data-element_type=\"widget\" data-widget_type=\"heading.default\">\n\t\t\t\t<div class=\"elementor-widget-container\">\n\t\t\t\t\t<h2 class=\"elementor-heading-title elementor-size-default\">V\u00e1lido solo con tarjetas de d\u00e9bito o cr\u00e9dito Visa o Mastercard. *Tarjetas AMEX o Diners Club deber\u00e1n inscribirse con un asesor.<\/h2>\t\t\t\t<\/div>\n\t\t\t\t<\/div>\n\t\t\t\t<\/div>\n\t\t<div class=\"elementor-element elementor-element-1725f066 e-con-full e-flex wpr-particle-no wpr-jarallax-no wpr-parallax-no wpr-sticky-section-no e-con e-child\" data-id=\"1725f066\" data-element_type=\"container\">\n\t\t\t\t<div class=\"elementor-element elementor-element-6bee197e elementor-align-left elementor-widget elementor-widget-button\" data-id=\"6bee197e\" data-element_type=\"widget\" data-widget_type=\"button.default\">\n\t\t\t\t<div class=\"elementor-widget-container\">\n\t\t\t\t\t\t\t\t\t<div class=\"elementor-button-wrapper\">\n\t\t\t\t\t<a class=\"elementor-button elementor-button-link elementor-size-sm\" href=\"https:\/\/share.hsforms.com\/1p4HEb3xmToCC6zcP17j7MQea438\" target=\"_blank\">\n\t\t\t\t\t\t<span class=\"elementor-button-content-wrapper\">\n\t\t\t\t\t\t\t\t\t<span class=\"elementor-button-text\">Inscribirme con un asesor<\/span>\n\t\t\t\t\t<\/span>\n\t\t\t\t\t<\/a>\n\t\t\t\t<\/div>\n\t\t\t\t\t\t\t\t<\/div>\n\t\t\t\t<\/div>\n\t\t\t\t<div class=\"elementor-element elementor-element-57f2c018 elementor-widget__width-initial elementor-widget elementor-widget-heading\" data-id=\"57f2c018\" data-element_type=\"widget\" data-widget_type=\"heading.default\">\n\t\t\t\t<div class=\"elementor-widget-container\">\n\t\t\t\t\t<h2 class=\"elementor-heading-title elementor-size-default\">V\u00e1lido solo con tarjetas de d\u00e9bito o cr\u00e9dito Visa o Mastercard. *Tarjetas AMEX o Diners Club deber\u00e1n inscribirse con un asesor.<\/h2>\t\t\t\t<\/div>\n\t\t\t\t<\/div>\n\t\t\t\t<\/div>\n\t\t\t\t<\/div>\n\t\t\t\t<\/div>\n\t\t\t\t\t<\/div>\n\t\t\t\t<\/div>\n\t\t<div class=\"elementor-element elementor-element-eb54961 e-flex e-con-boxed wpr-particle-no wpr-jarallax-no wpr-parallax-no wpr-sticky-section-no e-con e-parent\" data-id=\"eb54961\" data-element_type=\"container\">\n\t\t\t\t\t<div class=\"e-con-inner\">\n\t\t\t\t<div class=\"elementor-element elementor-element-d776b3f elementor-widget elementor-widget-html\" data-id=\"d776b3f\" data-element_type=\"widget\" data-widget_type=\"html.default\">\n\t\t\t\t<div class=\"elementor-widget-container\">\n\t\t\t\t\t<!-- Meta Pixel Code -->\r\n<script>\r\n!function(f,b,e,v,n,t,s)\r\n{if(f.fbq)return;n=f.fbq=function(){n.callMethod?\r\nn.callMethod.apply(n,arguments):n.queue.push(arguments)};\r\nif(!f._fbq)f._fbq=n;n.push=n;n.loaded=!0;n.version='2.0';\r\nn.queue=[];t=b.createElement(e);t.async=!0;\r\nt.src=v;s=b.getElementsByTagName(e)[0];\r\ns.parentNode.insertBefore(t,s)}(window, document,'script',\r\n'https:\/\/connect.facebook.net\/en_US\/fbevents.js');\r\nfbq('init', '813750367389934');\r\nfbq('track', 'PageView');\r\n<\/script>\r\n<noscript><img height=\"1\" width=\"1\" style=\"display:none\"\r\nsrc=\"https:\/\/www.facebook.com\/tr?id=813750367389934&ev=PageView&noscript=1\"\r\n\/><\/noscript>\r\n<!-- End Meta Pixel Code -->\t\t\t\t<\/div>\n\t\t\t\t<\/div>\n\t\t\t\t\t<\/div>\n\t\t\t\t<\/div>\n\t\t\t\t<\/div>\n\t\t","protected":false},"excerpt":{"rendered":"<p>Elige tu forma de inscripci\u00f3n 5% de descuento adicional Inscripci\u00f3n r\u00e1pida V\u00e1lido solo con tarjetas de d\u00e9bito o cr\u00e9dito Visa o Mastercard. *Tarjetas AMEX o Diners Club deber\u00e1n inscribirse con un asesor. Inscribirme con un asesor V\u00e1lido solo con tarjetas de d\u00e9bito o cr\u00e9dito Visa o Mastercard. *Tarjetas AMEX o Diners Club deber\u00e1n inscribirse con un asesor.<\/p>\n","protected":false},"author":1,"featured_media":0,"parent":0,"menu_order":0,"comment_status":"closed","ping_status":"closed","template":"elementor_canvas","meta":{"footnotes":""},"class_list":["post-209","page","type-page","status-publish","hentry","entry","owp-thumbs-layout-horizontal","owp-btn-normal","owp-tabs-layout-horizontal","has-no-thumbnails"],"yoast_head":"<!-- This site is optimized with the Yoast SEO plugin v24.2 - https:\/\/yoast.com\/wordpress\/plugins\/seo\/ -->\n<title>Forma de inscripci\u00f3n - II Congreso de Derecho Penal<\/title>\n<meta name=\"robots\" content=\"index, follow, max-snippet:-1, max-image-preview:large, max-video-preview:-1\" \/>\n<link rel=\"canonical\" href=\"https:\/\/elinstituto.io\/cdp24\/forma-de-inscripcion\/\" \/>\n<meta property=\"og:locale\" content=\"es_ES\" \/>\n<meta property=\"og:type\" content=\"article\" \/>\n<meta property=\"og:title\" content=\"Forma de inscripci\u00f3n - II Congreso de Derecho Penal\" \/>\n<meta property=\"og:description\" content=\"Elige tu forma de inscripci\u00f3n 5% de descuento adicional Inscripci\u00f3n r\u00e1pida V\u00e1lido solo con tarjetas de d\u00e9bito o cr\u00e9dito Visa o Mastercard. *Tarjetas AMEX o Diners Club deber\u00e1n inscribirse con un asesor. Inscribirme con un asesor V\u00e1lido solo con tarjetas de d\u00e9bito o cr\u00e9dito Visa o Mastercard. *Tarjetas AMEX o Diners Club deber\u00e1n inscribirse con un asesor.\" \/>\n<meta property=\"og:url\" content=\"https:\/\/elinstituto.io\/cdp24\/forma-de-inscripcion\/\" \/>\n<meta property=\"og:site_name\" content=\"II Congreso de Derecho Penal\" \/>\n<meta property=\"article:modified_time\" content=\"2024-10-28T17:16:45+00:00\" \/>\n<meta property=\"og:image\" content=\"https:\/\/elinstituto.io\/cdp24\/wp-content\/uploads\/2024\/10\/DP-II-Congreso-Penal-05.png\" \/>\n\t<meta property=\"og:image:width\" content=\"3607\" \/>\n\t<meta property=\"og:image:height\" content=\"1765\" \/>\n\t<meta property=\"og:image:type\" content=\"image\/png\" \/>\n<meta name=\"twitter:card\" content=\"summary_large_image\" \/>\n<meta name=\"twitter:label1\" content=\"Tiempo de lectura\" \/>\n\t<meta name=\"twitter:data1\" content=\"1 minuto\" \/>\n<script type=\"application\/ld+json\" class=\"yoast-schema-graph\">{\"@context\":\"https:\/\/schema.org\",\"@graph\":[{\"@type\":\"WebPage\",\"@id\":\"https:\/\/elinstituto.io\/cdp24\/forma-de-inscripcion\/\",\"url\":\"https:\/\/elinstituto.io\/cdp24\/forma-de-inscripcion\/\",\"name\":\"Forma de inscripci\u00f3n - II Congreso de Derecho Penal\",\"isPartOf\":{\"@id\":\"https:\/\/elinstituto.io\/cdp24\/#website\"},\"primaryImageOfPage\":{\"@id\":\"https:\/\/elinstituto.io\/cdp24\/forma-de-inscripcion\/#primaryimage\"},\"image\":{\"@id\":\"https:\/\/elinstituto.io\/cdp24\/forma-de-inscripcion\/#primaryimage\"},\"thumbnailUrl\":\"https:\/\/elinstituto.io\/cdp24\/wp-content\/uploads\/2024\/10\/DP-II-Congreso-Penal-05-1024x501.png\",\"datePublished\":\"2024-10-25T22:30:07+00:00\",\"dateModified\":\"2024-10-28T17:16:45+00:00\",\"breadcrumb\":{\"@id\":\"https:\/\/elinstituto.io\/cdp24\/forma-de-inscripcion\/#breadcrumb\"},\"inLanguage\":\"es\",\"potentialAction\":[{\"@type\":\"ReadAction\",\"target\":[\"https:\/\/elinstituto.io\/cdp24\/forma-de-inscripcion\/\"]}]},{\"@type\":\"ImageObject\",\"inLanguage\":\"es\",\"@id\":\"https:\/\/elinstituto.io\/cdp24\/forma-de-inscripcion\/#primaryimage\",\"url\":\"https:\/\/elinstituto.io\/cdp24\/wp-content\/uploads\/2024\/10\/DP-II-Congreso-Penal-05.png\",\"contentUrl\":\"https:\/\/elinstituto.io\/cdp24\/wp-content\/uploads\/2024\/10\/DP-II-Congreso-Penal-05.png\",\"width\":3607,\"height\":1765},{\"@type\":\"BreadcrumbList\",\"@id\":\"https:\/\/elinstituto.io\/cdp24\/forma-de-inscripcion\/#breadcrumb\",\"itemListElement\":[{\"@type\":\"ListItem\",\"position\":1,\"name\":\"Portada\",\"item\":\"https:\/\/elinstituto.io\/cdp24\/\"},{\"@type\":\"ListItem\",\"position\":2,\"name\":\"Forma de inscripci\u00f3n\"}]},{\"@type\":\"WebSite\",\"@id\":\"https:\/\/elinstituto.io\/cdp24\/#website\",\"url\":\"https:\/\/elinstituto.io\/cdp24\/\",\"name\":\"II Congreso de Derecho Penal\",\"description\":\"\",\"potentialAction\":[{\"@type\":\"SearchAction\",\"target\":{\"@type\":\"EntryPoint\",\"urlTemplate\":\"https:\/\/elinstituto.io\/cdp24\/?s={search_term_string}\"},\"query-input\":{\"@type\":\"PropertyValueSpecification\",\"valueRequired\":true,\"valueName\":\"search_term_string\"}}],\"inLanguage\":\"es\"}]}<\/script>\n<!-- \/ Yoast SEO plugin. -->","yoast_head_json":{"title":"Forma de inscripci\u00f3n - II Congreso de Derecho Penal","robots":{"index":"index","follow":"follow","max-snippet":"max-snippet:-1","max-image-preview":"max-image-preview:large","max-video-preview":"max-video-preview:-1"},"canonical":"https:\/\/elinstituto.io\/cdp24\/forma-de-inscripcion\/","og_locale":"es_ES","og_type":"article","og_title":"Forma de inscripci\u00f3n - II Congreso de Derecho Penal","og_description":"Elige tu forma de inscripci\u00f3n 5% de descuento adicional Inscripci\u00f3n r\u00e1pida V\u00e1lido solo con tarjetas de d\u00e9bito o cr\u00e9dito Visa o Mastercard. *Tarjetas AMEX o Diners Club deber\u00e1n inscribirse con un asesor. Inscribirme con un asesor V\u00e1lido solo con tarjetas de d\u00e9bito o cr\u00e9dito Visa o Mastercard. *Tarjetas AMEX o Diners Club deber\u00e1n inscribirse con un asesor.","og_url":"https:\/\/elinstituto.io\/cdp24\/forma-de-inscripcion\/","og_site_name":"II Congreso de Derecho Penal","article_modified_time":"2024-10-28T17:16:45+00:00","og_image":[{"width":3607,"height":1765,"url":"https:\/\/elinstituto.io\/cdp24\/wp-content\/uploads\/2024\/10\/DP-II-Congreso-Penal-05.png","type":"image\/png"}],"twitter_card":"summary_large_image","twitter_misc":{"Tiempo de lectura":"1 minuto"},"schema":{"@context":"https:\/\/schema.org","@graph":[{"@type":"WebPage","@id":"https:\/\/elinstituto.io\/cdp24\/forma-de-inscripcion\/","url":"https:\/\/elinstituto.io\/cdp24\/forma-de-inscripcion\/","name":"Forma de inscripci\u00f3n - II Congreso de Derecho Penal","isPartOf":{"@id":"https:\/\/elinstituto.io\/cdp24\/#website"},"primaryImageOfPage":{"@id":"https:\/\/elinstituto.io\/cdp24\/forma-de-inscripcion\/#primaryimage"},"image":{"@id":"https:\/\/elinstituto.io\/cdp24\/forma-de-inscripcion\/#primaryimage"},"thumbnailUrl":"https:\/\/elinstituto.io\/cdp24\/wp-content\/uploads\/2024\/10\/DP-II-Congreso-Penal-05-1024x501.png","datePublished":"2024-10-25T22:30:07+00:00","dateModified":"2024-10-28T17:16:45+00:00","breadcrumb":{"@id":"https:\/\/elinstituto.io\/cdp24\/forma-de-inscripcion\/#breadcrumb"},"inLanguage":"es","potentialAction":[{"@type":"ReadAction","target":["https:\/\/elinstituto.io\/cdp24\/forma-de-inscripcion\/"]}]},{"@type":"ImageObject","inLanguage":"es","@id":"https:\/\/elinstituto.io\/cdp24\/forma-de-inscripcion\/#primaryimage","url":"https:\/\/elinstituto.io\/cdp24\/wp-content\/uploads\/2024\/10\/DP-II-Congreso-Penal-05.png","contentUrl":"https:\/\/elinstituto.io\/cdp24\/wp-content\/uploads\/2024\/10\/DP-II-Congreso-Penal-05.png","width":3607,"height":1765},{"@type":"BreadcrumbList","@id":"https:\/\/elinstituto.io\/cdp24\/forma-de-inscripcion\/#breadcrumb","itemListElement":[{"@type":"ListItem","position":1,"name":"Portada","item":"https:\/\/elinstituto.io\/cdp24\/"},{"@type":"ListItem","position":2,"name":"Forma de inscripci\u00f3n"}]},{"@type":"WebSite","@id":"https:\/\/elinstituto.io\/cdp24\/#website","url":"https:\/\/elinstituto.io\/cdp24\/","name":"II Congreso de Derecho Penal","description":"","potentialAction":[{"@type":"SearchAction","target":{"@type":"EntryPoint","urlTemplate":"https:\/\/elinstituto.io\/cdp24\/?s={search_term_string}"},"query-input":{"@type":"PropertyValueSpecification","valueRequired":true,"valueName":"search_term_string"}}],"inLanguage":"es"}]}},"_links":{"self":[{"href":"https:\/\/elinstituto.io\/cdp24\/wp-json\/wp\/v2\/pages\/209","targetHints":{"allow":["GET"]}}],"collection":[{"href":"https:\/\/elinstituto.io\/cdp24\/wp-json\/wp\/v2\/pages"}],"about":[{"href":"https:\/\/elinstituto.io\/cdp24\/wp-json\/wp\/v2\/types\/page"}],"author":[{"embeddable":true,"href":"https:\/\/elinstituto.io\/cdp24\/wp-json\/wp\/v2\/users\/1"}],"replies":[{"embeddable":true,"href":"https:\/\/elinstituto.io\/cdp24\/wp-json\/wp\/v2\/comments?post=209"}],"version-history":[{"count":28,"href":"https:\/\/elinstituto.io\/cdp24\/wp-json\/wp\/v2\/pages\/209\/revisions"}],"predecessor-version":[{"id":292,"href":"https:\/\/elinstituto.io\/cdp24\/wp-json\/wp\/v2\/pages\/209\/revisions\/292"}],"wp:attachment":[{"href":"https:\/\/elinstituto.io\/cdp24\/wp-json\/wp\/v2\/media?parent=209"}],"curies":[{"name":"wp","href":"https:\/\/api.w.org\/{rel}","templated":true}]}}