{"id":526,"date":"2024-10-15T20:16:31","date_gmt":"2024-10-15T20:16:31","guid":{"rendered":"https:\/\/elinstituto.io\/cc24\/?page_id=526"},"modified":"2024-10-15T22:28:17","modified_gmt":"2024-10-15T22:28:17","slug":"forma-de-inscripcion","status":"publish","type":"page","link":"https:\/\/elinstituto.io\/cc24\/forma-de-inscripcion\/","title":{"rendered":"Forma de inscripci\u00f3n"},"content":{"rendered":"\t\t<div data-elementor-type=\"wp-page\" data-elementor-id=\"526\" class=\"elementor elementor-526\">\n\t\t\t\t<div class=\"elementor-element elementor-element-0b329dc e-flex e-con-boxed wpr-particle-no wpr-jarallax-no wpr-parallax-no wpr-sticky-section-no e-con e-parent\" data-id=\"0b329dc\" data-element_type=\"container\" data-settings=\"{&quot;background_background&quot;:&quot;classic&quot;}\">\n\t\t\t\t\t<div class=\"e-con-inner\">\n\t\t<div class=\"elementor-element elementor-element-3ea264e e-con-full e-flex wpr-particle-no wpr-jarallax-no wpr-parallax-no wpr-sticky-section-no e-con e-child\" data-id=\"3ea264e\" data-element_type=\"container\">\n\t\t\t\t<div class=\"elementor-element elementor-element-f9bc119 elementor-widget elementor-widget-image\" data-id=\"f9bc119\" data-element_type=\"widget\" data-widget_type=\"image.default\">\n\t\t\t\t<div class=\"elementor-widget-container\">\n\t\t\t\t\t\t\t\t\t\t\t\t\t\t\t<img fetchpriority=\"high\" decoding=\"async\" width=\"1024\" height=\"256\" src=\"https:\/\/elinstituto.io\/cc24\/wp-content\/uploads\/2024\/09\/DP-1-Congreso-Compliance-02-e1725416851779-1024x256.png\" class=\"attachment-large size-large wp-image-38\" alt=\"\" srcset=\"https:\/\/elinstituto.io\/cc24\/wp-content\/uploads\/2024\/09\/DP-1-Congreso-Compliance-02-e1725416851779-1024x256.png 1024w, https:\/\/elinstituto.io\/cc24\/wp-content\/uploads\/2024\/09\/DP-1-Congreso-Compliance-02-e1725416851779-600x150.png 600w, https:\/\/elinstituto.io\/cc24\/wp-content\/uploads\/2024\/09\/DP-1-Congreso-Compliance-02-e1725416851779-300x75.png 300w, https:\/\/elinstituto.io\/cc24\/wp-content\/uploads\/2024\/09\/DP-1-Congreso-Compliance-02-e1725416851779-768x192.png 768w, https:\/\/elinstituto.io\/cc24\/wp-content\/uploads\/2024\/09\/DP-1-Congreso-Compliance-02-e1725416851779-1536x384.png 1536w, https:\/\/elinstituto.io\/cc24\/wp-content\/uploads\/2024\/09\/DP-1-Congreso-Compliance-02-e1725416851779-2048x512.png 2048w\" sizes=\"(max-width: 1024px) 100vw, 1024px\" \/>\t\t\t\t\t\t\t\t\t\t\t\t\t\t\t<\/div>\n\t\t\t\t<\/div>\n\t\t\t\t<div class=\"elementor-element elementor-element-1d46b53 elementor-widget elementor-widget-heading\" data-id=\"1d46b53\" data-element_type=\"widget\" data-widget_type=\"heading.default\">\n\t\t\t\t<div class=\"elementor-widget-container\">\n\t\t\t\t\t<h2 class=\"elementor-heading-title elementor-size-default\">Elige tu forma de inscripci\u00f3n<\/h2>\t\t\t\t<\/div>\n\t\t\t\t<\/div>\n\t\t<div class=\"elementor-element elementor-element-e824f6f e-con-full e-flex wpr-particle-no wpr-jarallax-no wpr-parallax-no wpr-sticky-section-no e-con e-child\" data-id=\"e824f6f\" data-element_type=\"container\">\n\t\t<div class=\"elementor-element elementor-element-f6448c5 e-con-full e-flex wpr-particle-no wpr-jarallax-no wpr-parallax-no wpr-sticky-section-no e-con e-child\" data-id=\"f6448c5\" data-element_type=\"container\">\n\t\t\t\t<div class=\"elementor-element elementor-element-fe60663 elementor-widget elementor-widget-button\" data-id=\"fe60663\" data-element_type=\"widget\" data-widget_type=\"button.default\">\n\t\t\t\t<div class=\"elementor-widget-container\">\n\t\t\t\t\t\t\t\t\t<div class=\"elementor-button-wrapper\">\n\t\t\t\t\t<a class=\"elementor-button elementor-button-link elementor-size-sm\" href=\"https:\/\/elinstituto.io\/cc24\/producto\/i-congreso-de-compliance\/\" target=\"_blank\">\n\t\t\t\t\t\t<span class=\"elementor-button-content-wrapper\">\n\t\t\t\t\t\t\t\t\t<span class=\"elementor-button-text\">Inscripci\u00f3n r\u00e1pida<\/span>\n\t\t\t\t\t<\/span>\n\t\t\t\t\t<\/a>\n\t\t\t\t<\/div>\n\t\t\t\t\t\t\t\t<\/div>\n\t\t\t\t<\/div>\n\t\t\t\t<div class=\"elementor-element elementor-element-17efb6f elementor-widget__width-initial elementor-widget elementor-widget-heading\" data-id=\"17efb6f\" data-element_type=\"widget\" data-widget_type=\"heading.default\">\n\t\t\t\t<div class=\"elementor-widget-container\">\n\t\t\t\t\t<h2 class=\"elementor-heading-title elementor-size-default\">V\u00e1lido solo con tarjetas de d\u00e9bito o cr\u00e9dito Visa o Mastercard. *Tarjetas AMEX o Diners Club deber\u00e1n inscribirse con un asesor.<\/h2>\t\t\t\t<\/div>\n\t\t\t\t<\/div>\n\t\t\t\t<\/div>\n\t\t<div class=\"elementor-element elementor-element-7ada596 e-con-full e-flex wpr-particle-no wpr-jarallax-no wpr-parallax-no wpr-sticky-section-no e-con e-child\" data-id=\"7ada596\" data-element_type=\"container\">\n\t\t\t\t<div class=\"elementor-element elementor-element-a3d048b elementor-align-left elementor-widget elementor-widget-button\" data-id=\"a3d048b\" data-element_type=\"widget\" data-widget_type=\"button.default\">\n\t\t\t\t<div class=\"elementor-widget-container\">\n\t\t\t\t\t\t\t\t\t<div class=\"elementor-button-wrapper\">\n\t\t\t\t\t<a class=\"elementor-button elementor-button-link elementor-size-sm\" href=\"https:\/\/share.hsforms.com\/1zP5LsFwrRyyEUqoYiZ5D-gea438\" target=\"_blank\">\n\t\t\t\t\t\t<span class=\"elementor-button-content-wrapper\">\n\t\t\t\t\t\t\t\t\t<span class=\"elementor-button-text\">Inscribirme con un asesor<\/span>\n\t\t\t\t\t<\/span>\n\t\t\t\t\t<\/a>\n\t\t\t\t<\/div>\n\t\t\t\t\t\t\t\t<\/div>\n\t\t\t\t<\/div>\n\t\t\t\t<div class=\"elementor-element elementor-element-077c794 elementor-widget__width-initial elementor-widget elementor-widget-heading\" data-id=\"077c794\" data-element_type=\"widget\" data-widget_type=\"heading.default\">\n\t\t\t\t<div class=\"elementor-widget-container\">\n\t\t\t\t\t<h2 class=\"elementor-heading-title elementor-size-default\">V\u00e1lido solo con tarjetas de d\u00e9bito o cr\u00e9dito Visa o Mastercard. *Tarjetas AMEX o Diners Club deber\u00e1n inscribirse con un asesor.<\/h2>\t\t\t\t<\/div>\n\t\t\t\t<\/div>\n\t\t\t\t<\/div>\n\t\t\t\t<\/div>\n\t\t\t\t<\/div>\n\t\t\t\t\t<\/div>\n\t\t\t\t<\/div>\n\t\t<div class=\"elementor-element elementor-element-ea6beb3 e-flex e-con-boxed wpr-particle-no wpr-jarallax-no wpr-parallax-no wpr-sticky-section-no e-con e-parent\" data-id=\"ea6beb3\" data-element_type=\"container\">\n\t\t\t\t\t<div class=\"e-con-inner\">\n\t\t<div class=\"elementor-element elementor-element-2bdb8a4 e-con-full e-flex wpr-particle-no wpr-jarallax-no wpr-parallax-no wpr-sticky-section-no e-con e-child\" data-id=\"2bdb8a4\" data-element_type=\"container\">\n\t\t\t\t<div class=\"elementor-element elementor-element-c35aafb elementor-widget elementor-widget-html\" data-id=\"c35aafb\" data-element_type=\"widget\" data-widget_type=\"html.default\">\n\t\t\t\t<div class=\"elementor-widget-container\">\n\t\t\t\t\t<!-- Meta Pixel Code -->\r\n<script>\r\n!function(f,b,e,v,n,t,s)\r\n{if(f.fbq)return;n=f.fbq=function(){n.callMethod?\r\nn.callMethod.apply(n,arguments):n.queue.push(arguments)};\r\nif(!f._fbq)f._fbq=n;n.push=n;n.loaded=!0;n.version='2.0';\r\nn.queue=[];t=b.createElement(e);t.async=!0;\r\nt.src=v;s=b.getElementsByTagName(e)[0];\r\ns.parentNode.insertBefore(t,s)}(window, document,'script',\r\n'https:\/\/connect.facebook.net\/en_US\/fbevents.js');\r\nfbq('init', '1239854040764994');\r\nfbq('track', 'PageView');\r\n<\/script>\r\n<noscript><img height=\"1\" width=\"1\" style=\"display:none\"\r\nsrc=\"https:\/\/www.facebook.com\/tr?id=1239854040764994&ev=PageView&noscript=1\"\r\n\/><\/noscript>\r\n<!-- End Meta Pixel Code -->\t\t\t\t<\/div>\n\t\t\t\t<\/div>\n\t\t\t\t<div class=\"elementor-element elementor-element-dd7bc66 elementor-widget elementor-widget-html\" data-id=\"dd7bc66\" data-element_type=\"widget\" data-widget_type=\"html.default\">\n\t\t\t\t<div class=\"elementor-widget-container\">\n\t\t\t\t\t<script type=\"text\/javascript\">\r\n_linkedin_partner_id = \"5989106\";\r\nwindow._linkedin_data_partner_ids = window._linkedin_data_partner_ids || [];\r\nwindow._linkedin_data_partner_ids.push(_linkedin_partner_id);\r\n<\/script><script type=\"text\/javascript\">\r\n(function(l) {\r\nif (!l){window.lintrk = function(a,b){window.lintrk.q.push([a,b])};\r\nwindow.lintrk.q=[]}\r\nvar s = document.getElementsByTagName(\"script\")[0];\r\nvar b = document.createElement(\"script\");\r\nb.type = \"text\/javascript\";b.async = true;\r\nb.src = \"https:\/\/snap.licdn.com\/li.lms-analytics\/insight.min.js\";\r\ns.parentNode.insertBefore(b, s);})(window.lintrk);\r\n<\/script>\r\n<noscript>\r\n<img decoding=\"async\" height=\"1\" width=\"1\" style=\"display:none;\" alt=\"\" src=\"https:\/\/px.ads.linkedin.com\/collect\/?pid=5989106&fmt=gif\" \/>\r\n<\/noscript>\t\t\t\t<\/div>\n\t\t\t\t<\/div>\n\t\t\t\t<\/div>\n\t\t\t\t\t<\/div>\n\t\t\t\t<\/div>\n\t\t\t\t<\/div>\n\t\t","protected":false},"excerpt":{"rendered":"<p>Elige tu forma de inscripci\u00f3n Inscripci\u00f3n r\u00e1pida V\u00e1lido solo con tarjetas de d\u00e9bito o cr\u00e9dito Visa o Mastercard. *Tarjetas AMEX o Diners Club deber\u00e1n inscribirse con un asesor. Inscribirme con un asesor V\u00e1lido solo con tarjetas de d\u00e9bito o cr\u00e9dito Visa o Mastercard. *Tarjetas AMEX o Diners Club deber\u00e1n inscribirse con un asesor.<\/p>\n","protected":false},"author":1,"featured_media":0,"parent":0,"menu_order":0,"comment_status":"closed","ping_status":"closed","template":"elementor_canvas","meta":{"content-type":"","footnotes":""},"class_list":["post-526","page","type-page","status-publish","hentry","entry","owp-thumbs-layout-vertical","owp-btn-big","owp-tabs-layout-vertical","has-no-thumbnails"],"yoast_head":"<!-- This site is optimized with the Yoast SEO plugin v24.2 - https:\/\/yoast.com\/wordpress\/plugins\/seo\/ -->\n<title>Forma de inscripci\u00f3n -<\/title>\n<meta name=\"robots\" content=\"index, follow, max-snippet:-1, max-image-preview:large, max-video-preview:-1\" \/>\n<link rel=\"canonical\" href=\"https:\/\/elinstituto.io\/cc24\/forma-de-inscripcion\/\" \/>\n<meta property=\"og:locale\" content=\"es_ES\" \/>\n<meta property=\"og:type\" content=\"article\" \/>\n<meta property=\"og:title\" content=\"Forma de inscripci\u00f3n -\" \/>\n<meta property=\"og:description\" content=\"Elige tu forma de inscripci\u00f3n Inscripci\u00f3n r\u00e1pida V\u00e1lido solo con tarjetas de d\u00e9bito o cr\u00e9dito Visa o Mastercard. *Tarjetas AMEX o Diners Club deber\u00e1n inscribirse con un asesor. Inscribirme con un asesor V\u00e1lido solo con tarjetas de d\u00e9bito o cr\u00e9dito Visa o Mastercard. *Tarjetas AMEX o Diners Club deber\u00e1n inscribirse con un asesor.\" \/>\n<meta property=\"og:url\" content=\"https:\/\/elinstituto.io\/cc24\/forma-de-inscripcion\/\" \/>\n<meta property=\"article:modified_time\" content=\"2024-10-15T22:28:17+00:00\" \/>\n<meta property=\"og:image\" content=\"https:\/\/elinstituto.io\/cc24\/wp-content\/uploads\/2024\/09\/DP-1-Congreso-Compliance-02-e1725416851779.png\" \/>\n\t<meta property=\"og:image:width\" content=\"3540\" \/>\n\t<meta property=\"og:image:height\" content=\"885\" \/>\n\t<meta property=\"og:image:type\" content=\"image\/png\" \/>\n<meta name=\"twitter:card\" content=\"summary_large_image\" \/>\n<meta name=\"twitter:label1\" content=\"Tiempo de lectura\" \/>\n\t<meta name=\"twitter:data1\" content=\"1 minuto\" \/>\n<script type=\"application\/ld+json\" class=\"yoast-schema-graph\">{\"@context\":\"https:\/\/schema.org\",\"@graph\":[{\"@type\":\"WebPage\",\"@id\":\"https:\/\/elinstituto.io\/cc24\/forma-de-inscripcion\/\",\"url\":\"https:\/\/elinstituto.io\/cc24\/forma-de-inscripcion\/\",\"name\":\"Forma de inscripci\u00f3n -\",\"isPartOf\":{\"@id\":\"https:\/\/elinstituto.io\/cc24\/#website\"},\"primaryImageOfPage\":{\"@id\":\"https:\/\/elinstituto.io\/cc24\/forma-de-inscripcion\/#primaryimage\"},\"image\":{\"@id\":\"https:\/\/elinstituto.io\/cc24\/forma-de-inscripcion\/#primaryimage\"},\"thumbnailUrl\":\"https:\/\/elinstituto.io\/cc24\/wp-content\/uploads\/2024\/09\/DP-1-Congreso-Compliance-02-e1725416851779-1024x256.png\",\"datePublished\":\"2024-10-15T20:16:31+00:00\",\"dateModified\":\"2024-10-15T22:28:17+00:00\",\"breadcrumb\":{\"@id\":\"https:\/\/elinstituto.io\/cc24\/forma-de-inscripcion\/#breadcrumb\"},\"inLanguage\":\"es\",\"potentialAction\":[{\"@type\":\"ReadAction\",\"target\":[\"https:\/\/elinstituto.io\/cc24\/forma-de-inscripcion\/\"]}]},{\"@type\":\"ImageObject\",\"inLanguage\":\"es\",\"@id\":\"https:\/\/elinstituto.io\/cc24\/forma-de-inscripcion\/#primaryimage\",\"url\":\"https:\/\/elinstituto.io\/cc24\/wp-content\/uploads\/2024\/09\/DP-1-Congreso-Compliance-02-e1725416851779.png\",\"contentUrl\":\"https:\/\/elinstituto.io\/cc24\/wp-content\/uploads\/2024\/09\/DP-1-Congreso-Compliance-02-e1725416851779.png\",\"width\":3540,\"height\":885},{\"@type\":\"BreadcrumbList\",\"@id\":\"https:\/\/elinstituto.io\/cc24\/forma-de-inscripcion\/#breadcrumb\",\"itemListElement\":[{\"@type\":\"ListItem\",\"position\":1,\"name\":\"Portada\",\"item\":\"https:\/\/elinstituto.io\/cc24\/\"},{\"@type\":\"ListItem\",\"position\":2,\"name\":\"Forma de inscripci\u00f3n\"}]},{\"@type\":\"WebSite\",\"@id\":\"https:\/\/elinstituto.io\/cc24\/#website\",\"url\":\"https:\/\/elinstituto.io\/cc24\/\",\"name\":\"\",\"description\":\"\",\"potentialAction\":[{\"@type\":\"SearchAction\",\"target\":{\"@type\":\"EntryPoint\",\"urlTemplate\":\"https:\/\/elinstituto.io\/cc24\/?s={search_term_string}\"},\"query-input\":{\"@type\":\"PropertyValueSpecification\",\"valueRequired\":true,\"valueName\":\"search_term_string\"}}],\"inLanguage\":\"es\"}]}<\/script>\n<!-- \/ Yoast SEO plugin. -->","yoast_head_json":{"title":"Forma de inscripci\u00f3n -","robots":{"index":"index","follow":"follow","max-snippet":"max-snippet:-1","max-image-preview":"max-image-preview:large","max-video-preview":"max-video-preview:-1"},"canonical":"https:\/\/elinstituto.io\/cc24\/forma-de-inscripcion\/","og_locale":"es_ES","og_type":"article","og_title":"Forma de inscripci\u00f3n -","og_description":"Elige tu forma de inscripci\u00f3n Inscripci\u00f3n r\u00e1pida V\u00e1lido solo con tarjetas de d\u00e9bito o cr\u00e9dito Visa o Mastercard. *Tarjetas AMEX o Diners Club deber\u00e1n inscribirse con un asesor. Inscribirme con un asesor V\u00e1lido solo con tarjetas de d\u00e9bito o cr\u00e9dito Visa o Mastercard. *Tarjetas AMEX o Diners Club deber\u00e1n inscribirse con un asesor.","og_url":"https:\/\/elinstituto.io\/cc24\/forma-de-inscripcion\/","article_modified_time":"2024-10-15T22:28:17+00:00","og_image":[{"width":3540,"height":885,"url":"https:\/\/elinstituto.io\/cc24\/wp-content\/uploads\/2024\/09\/DP-1-Congreso-Compliance-02-e1725416851779.png","type":"image\/png"}],"twitter_card":"summary_large_image","twitter_misc":{"Tiempo de lectura":"1 minuto"},"schema":{"@context":"https:\/\/schema.org","@graph":[{"@type":"WebPage","@id":"https:\/\/elinstituto.io\/cc24\/forma-de-inscripcion\/","url":"https:\/\/elinstituto.io\/cc24\/forma-de-inscripcion\/","name":"Forma de inscripci\u00f3n -","isPartOf":{"@id":"https:\/\/elinstituto.io\/cc24\/#website"},"primaryImageOfPage":{"@id":"https:\/\/elinstituto.io\/cc24\/forma-de-inscripcion\/#primaryimage"},"image":{"@id":"https:\/\/elinstituto.io\/cc24\/forma-de-inscripcion\/#primaryimage"},"thumbnailUrl":"https:\/\/elinstituto.io\/cc24\/wp-content\/uploads\/2024\/09\/DP-1-Congreso-Compliance-02-e1725416851779-1024x256.png","datePublished":"2024-10-15T20:16:31+00:00","dateModified":"2024-10-15T22:28:17+00:00","breadcrumb":{"@id":"https:\/\/elinstituto.io\/cc24\/forma-de-inscripcion\/#breadcrumb"},"inLanguage":"es","potentialAction":[{"@type":"ReadAction","target":["https:\/\/elinstituto.io\/cc24\/forma-de-inscripcion\/"]}]},{"@type":"ImageObject","inLanguage":"es","@id":"https:\/\/elinstituto.io\/cc24\/forma-de-inscripcion\/#primaryimage","url":"https:\/\/elinstituto.io\/cc24\/wp-content\/uploads\/2024\/09\/DP-1-Congreso-Compliance-02-e1725416851779.png","contentUrl":"https:\/\/elinstituto.io\/cc24\/wp-content\/uploads\/2024\/09\/DP-1-Congreso-Compliance-02-e1725416851779.png","width":3540,"height":885},{"@type":"BreadcrumbList","@id":"https:\/\/elinstituto.io\/cc24\/forma-de-inscripcion\/#breadcrumb","itemListElement":[{"@type":"ListItem","position":1,"name":"Portada","item":"https:\/\/elinstituto.io\/cc24\/"},{"@type":"ListItem","position":2,"name":"Forma de inscripci\u00f3n"}]},{"@type":"WebSite","@id":"https:\/\/elinstituto.io\/cc24\/#website","url":"https:\/\/elinstituto.io\/cc24\/","name":"","description":"","potentialAction":[{"@type":"SearchAction","target":{"@type":"EntryPoint","urlTemplate":"https:\/\/elinstituto.io\/cc24\/?s={search_term_string}"},"query-input":{"@type":"PropertyValueSpecification","valueRequired":true,"valueName":"search_term_string"}}],"inLanguage":"es"}]}},"_links":{"self":[{"href":"https:\/\/elinstituto.io\/cc24\/wp-json\/wp\/v2\/pages\/526","targetHints":{"allow":["GET"]}}],"collection":[{"href":"https:\/\/elinstituto.io\/cc24\/wp-json\/wp\/v2\/pages"}],"about":[{"href":"https:\/\/elinstituto.io\/cc24\/wp-json\/wp\/v2\/types\/page"}],"author":[{"embeddable":true,"href":"https:\/\/elinstituto.io\/cc24\/wp-json\/wp\/v2\/users\/1"}],"replies":[{"embeddable":true,"href":"https:\/\/elinstituto.io\/cc24\/wp-json\/wp\/v2\/comments?post=526"}],"version-history":[{"count":17,"href":"https:\/\/elinstituto.io\/cc24\/wp-json\/wp\/v2\/pages\/526\/revisions"}],"predecessor-version":[{"id":563,"href":"https:\/\/elinstituto.io\/cc24\/wp-json\/wp\/v2\/pages\/526\/revisions\/563"}],"wp:attachment":[{"href":"https:\/\/elinstituto.io\/cc24\/wp-json\/wp\/v2\/media?parent=526"}],"curies":[{"name":"wp","href":"https:\/\/api.w.org\/{rel}","templated":true}]}}